{"id":2150,"date":"2025-08-28T22:22:40","date_gmt":"2025-08-28T22:22:40","guid":{"rendered":"https:\/\/mhc-tn.com\/?page_id=2150"},"modified":"2025-11-21T22:55:08","modified_gmt":"2025-11-21T22:55:08","slug":"politica-de-privacidad","status":"publish","type":"page","link":"https:\/\/mhc-tn.com\/es\/privacy-policy\/","title":{"rendered":"Cumplimiento y pol\u00edtica de privacidad en l\u00ednea"},"content":{"rendered":"<h2 class=\"wp-block-heading\" id=\"slcr_custom_heading_68b0d3eaeef25\">CUMPLIMIENTO\/HIPAA<\/h2>\n\n\n\n<p>Mental Health Cooperative (MHC), Integrated Health Cooperative (IHC) y NPS Pharmacy mantienen altos est\u00e1ndares \u00e9ticos y se comprometen a cumplir con todos los estatutos, reglamentos y directrices aplicables. <\/p>\n\n\n\n<p><a href=\"https:\/\/www.mhc-tn.com\/wp-content\/uploads\/2024\/06\/Corporate-Compliance-Program-2023-2024_6-24.pdf\">Programa de Cumplimiento Empresarial<\/a><\/p>\n\n\n\n<h4 class=\"wp-block-heading\" id=\"slcr_custom_heading_68b0d3eaef212\">\u00bfLe preocupa el cumplimiento de la normativa?<\/h4>\n\n\n\n<p><strong>Env\u00edenos un correo electr\u00f3nico a<\/strong>&nbsp;<a href=\"mailto:compliance@mhc-tn.org\">compliance@mhc-tn.org<\/a><br><strong>Ll\u00e1manos al<\/strong>&nbsp;<a href=\"tel:615-743-1654\">615-743-1654.<\/a><\/p>\n\n\n\n<h4 class=\"wp-block-heading\" id=\"slcr_custom_heading_68b0d3eaef39e\">HIPAA<\/h4>\n\n\n\n<p>MHC, IHC y NPS Pharmacy animan a cualquier persona que tenga preocupaciones o quejas sobre la seguridad y la calidad de la atenci\u00f3n a que nos las comunique.<\/p>\n\n\n\n<h4 class=\"wp-block-heading\" id=\"slcr_custom_heading_68b0d3eaef532\">\u00bfLe preocupa la HIPAA?<\/h4>\n\n\n\n<p><strong>Env\u00edenos un correo electr\u00f3nico a&nbsp;<a href=\"mailto:compliance@mhc-tn.org\">compliance@mhc-tn.org<\/a><\/strong><br><strong>Llame al responsable de privacidad de la HIPAA al 615-743-1658<\/strong><\/p>\n\n\n\n<h4 class=\"wp-block-heading\" id=\"slcr_custom_heading_68b0d3eaef6d0\">Aviso de pr\u00e1cticas de privacidad<\/h4>\n\n\n\n<p>Este aviso describe c\u00f3mo puede utilizarse y divulgarse su informaci\u00f3n m\u00e9dica y c\u00f3mo puede acceder a ella.<\/p>\n\n\n\n<p>Por favor,\u00a0<a href=\"https:\/\/www.mhc-tn.com\/wp-content\/uploads\/2024\/10\/NPP-policy__October-2024.pdf\">pulse aqu\u00ed<\/a>\u00a0para leer el documento completo. El uso que usted haga de nuestros servicios tambi\u00e9n se rige por nuestro <a href=\"https:\/\/mhc-tn.com\/es\/terminos\/\" data-type=\"page\" data-id=\"2463\">T\u00e9rminos y condiciones.<\/a><\/p>\n\n\n\n<h4 class=\"wp-block-heading\" id=\"slcr_custom_heading_68b0d3eaef852\">Pol\u00edtica de SMS (servicio de mensajes cortos)<\/h4>\n\n\n\n<p>La pol\u00edtica de MHC es que el consentimiento por SMS y los n\u00fameros de tel\u00e9fono nunca se compartan con terceros o afiliados bajo ninguna circunstancia. El consentimiento por SMS no se comparte con terceros ni afiliados con fines de marketing.<\/p>\n\n\n\n<h4 class=\"wp-block-heading\" id=\"slcr_custom_heading_68b0d3eaef9de\">OSHA<\/h4>\n\n\n\n<p>El Programa de Cumplimiento de la OSHA de MHC incorpora programas escritos, un comit\u00e9 de seguridad y programas de formaci\u00f3n para garantizar que la agencia cumple todas las normas de seguridad y sigue trabajando y promoviendo un entorno de trabajo saludable y seguro.<\/p>\n\n\n\n<h4 class=\"wp-block-heading\" id=\"slcr_custom_heading_68b0d3eaefb5a\">\u00bfLe preocupa la OSHA?<\/h4>\n\n\n\n<p>Llame al gestor de riesgos al 615-687-1785<\/p>\n\n\n\n<h2 class=\"wp-block-heading\" id=\"slcr_custom_heading_68b0d3eaf0108\">POL\u00cdTICA DE PRIVACIDAD EN L\u00cdNEA<\/h2>\n\n\n\n<h4 class=\"wp-block-heading\" id=\"slcr_custom_heading_68b0d3eaf0223\">RECOGIDA DE INFORMACI\u00d3N<\/h4>\n\n\n\n<p>Recogemos informaci\u00f3n sobre usted, y a veces sobre sus dispositivos, cuando utiliza nuestro sitio web. La informaci\u00f3n que recopilamos sobre usted a trav\u00e9s de nuestro sitio web suele ser informaci\u00f3n que usted nos proporciona o informaci\u00f3n que recopilamos autom\u00e1ticamente.<\/p>\n\n\n\n<p><strong>Informaci\u00f3n que puede facilitar.<\/strong>&nbsp;Al utilizar nuestro sitio web, es posible que se le pida que proporcione informaci\u00f3n personal identificable sobre usted. Por ejemplo, si env\u00eda su curr\u00edculum, un formulario de recomendaci\u00f3n o un mensaje en nuestra p\u00e1gina de Contacto, le pediremos que nos facilite datos como su nombre, direcci\u00f3n, direcci\u00f3n de correo electr\u00f3nico, n\u00famero de tel\u00e9fono, n\u00famero de fax y cualquier otra informaci\u00f3n que decida proporcionarnos. No recopilamos ninguno de estos datos a menos que usted nos los proporcione voluntariamente.<\/p>\n\n\n\n<p><strong>Informaci\u00f3n que podemos recopilar autom\u00e1ticamente.<\/strong>&nbsp;Cuando utiliza nuestros formularios, podemos recopilar autom\u00e1ticamente informaci\u00f3n no personal sobre usted a trav\u00e9s de cookies y otras tecnolog\u00edas.<\/p>\n\n\n\n<p>Registros web. Es posible que recopilemos autom\u00e1ticamente informaci\u00f3n sobre usted facilitada por su navegador, hardware y\/o software inform\u00e1tico o dispositivo m\u00f3vil, incluidos, entre otros, el dominio de Internet y la direcci\u00f3n del sitio web desde el que accedi\u00f3 a este sitio web y su direcci\u00f3n de protocolo de Internet (IP), el estado o pa\u00eds desde el que accedi\u00f3 al sitio web, la fecha y hora de su visita al sitio web, las p\u00e1ginas a las que accedi\u00f3 en y desde este sitio web y otra informaci\u00f3n est\u00e1ndar incluida en toda comunicaci\u00f3n enviada por Internet, como el tipo de navegador, el idioma del navegador, el sistema operativo o el proveedor de servicios.<\/p>\n\n\n\n<p>Cookies. Ocasionalmente utilizamos cookies (peque\u00f1os archivos almacenados en su dispositivo o navegador), p\u00edxeles de seguimiento (peque\u00f1as im\u00e1genes gr\u00e1ficas incrustadas en un sitio web o correo electr\u00f3nico), codificaci\u00f3n basada en HTML\/CSS\/Java y otras tecnolog\u00edas similares para recopilar autom\u00e1ticamente informaci\u00f3n cuando usted utiliza nuestro sitio web. El software de su navegador puede configurarse para que le avise de la presencia de cookies o para que rechace todas las cookies.<\/p>\n\n\n\n<p>Podemos utilizar cookies, balizas web y otras tecnolog\u00edas de almacenamiento para reconocerle o para recoger o recibir informaci\u00f3n de su uso de nuestro sitio web y de otros lugares de Internet. Podemos agregar la informaci\u00f3n recopilada a trav\u00e9s de tecnolog\u00edas de almacenamiento con su informaci\u00f3n, y la informaci\u00f3n recopilada se puede utilizar para acelerar su uso de nuestro sitio web, para proporcionar servicios de medici\u00f3n, o para proporcionar anuncios dirigidos sobre la base de intereses leg\u00edtimos.<\/p>\n\n\n\n<p>Servicios de seguimiento y\/o an\u00e1lisis. Tambi\u00e9n podemos contratar los servicios de empresas de publicidad o an\u00e1lisis de terceros para rastrear el comportamiento de los usuarios y analizar su actividad, mejorar la eficiencia, crear una mejor experiencia con nuestro sitio web o para ofrecerle anuncios en l\u00ednea en otros sitios web. Estos terceros pueden utilizar cookies o tecnolog\u00edas similares para recopilar informaci\u00f3n sobre sus interacciones con nuestro sitio web y las interacciones con otros sitios web. Estas empresas de publicidad pueden utilizar la informaci\u00f3n recopilada para ofrecerle anuncios m\u00e1s adaptados a sus intereses. Recibimos informaci\u00f3n agregada de estos terceros para comprender la eficacia de nuestra publicidad.<\/p>\n\n\n\n<p>Utilizamos Google Analytics en este sitio web para ayudarnos a analizar el tr\u00e1fico en nuestro sitio web. No utilizamos Google Analytics para recopilar informaci\u00f3n que le identifique personalmente. La informaci\u00f3n generada por Google Analytics es transmitida y almacenada por Google y est\u00e1 sujeta a la pol\u00edtica de privacidad de Google. Para obtener m\u00e1s informaci\u00f3n sobre el tratamiento de datos personales por parte de Google Analytics, consulte http:\/\/www.google.com\/policies\/privacy\/partners\/.<\/p>\n\n\n\n<p><strong>Informaci\u00f3n que podemos recibir de terceros.<\/strong>&nbsp;Tambi\u00e9n podemos recopilar informaci\u00f3n sobre c\u00f3mo interact\u00faa con nuestro sitio web y otros sitios web, como el contenido de las plataformas de medios sociales. Por ejemplo, si \"le gusta\" una foto en una de nuestras redes sociales, podemos recopilar informaci\u00f3n relacionada con esa interacci\u00f3n. En algunos casos, podemos recibir informaci\u00f3n sobre usted de terceros que usted haya facilitado directamente a un tercero.<\/p>\n\n\n\n<h4 class=\"wp-block-heading\" id=\"slcr_custom_heading_68b0d3eaf040d\">USO E INTERCAMBIO DE INFORMACI\u00d3N<\/h4>\n\n\n\n<p>Podemos utilizar su informaci\u00f3n para ponernos en contacto con usted (por ejemplo, anuncios o encuestas); para comunicarnos con usted acerca de nuestra agencia, incluido el seguimiento de las solicitudes o preguntas que pueda enviar; para rastrear y analizar el uso de nuestro sitio web, incluida la prevenci\u00f3n, detecci\u00f3n e investigaci\u00f3n de usos indebidos, fraudes y actividades ilegales, y para rastrear y evaluar la actividad en nuestro sitio web; para fines que incluyen la mejora y el mantenimiento de nuestra presencia o servicios en l\u00ednea; para fines de contrataci\u00f3n y administraci\u00f3n de recursos humanos; y para gestionar nuestra empresa.<\/p>\n\n\n\n<p>Adem\u00e1s, podemos compartir su informaci\u00f3n, incluida la informaci\u00f3n recopilada a trav\u00e9s de nuestro sitio web, en las siguientes circunstancias con nuestros vendedores autorizados y terceros proveedores de servicios que realizan ciertos servicios o funciones en nuestro nombre (por ejemplo, podemos compartir su informaci\u00f3n con un proveedor de servicios de alojamiento que aloja el sitio web); en relaci\u00f3n con una fusi\u00f3n o transferencia de la totalidad o una parte de nuestro sitio web o negocio; de acuerdo con su consentimiento o direcci\u00f3n, seg\u00fan lo permitido por la ley; para responder a citaciones, \u00f3rdenes judiciales, procesos legales, solicitudes de aplicaci\u00f3n de la ley, reclamaciones legales o investigaciones gubernamentales; y para proteger y defender nuestros derechos, intereses, salud, seguridad y seguridad, y los de nuestros afiliados, pacientes, usuarios o el p\u00fablico.<\/p>\n\n\n\n<p>Tambi\u00e9n podemos utilizar informaci\u00f3n agregada o no identificable para comprender mejor nuestro sitio web y c\u00f3mo mejorarlo. Esta informaci\u00f3n no identificable puede compartirse con terceros. Por ejemplo, utilizamos Google Analytics para procesar y analizar los datos que recopilamos de su uso de nuestro sitio web. Aunque no compartiremos su informaci\u00f3n personal identificable con Google, debe revisar c\u00f3mo Google recopila y procesa datos a trav\u00e9s de nuestro uso de Google Analytics consultando la declaraci\u00f3n de privacidad de Google, que puede encontrarse en&nbsp;<a href=\"http:\/\/www.google.com\/policies\/privacy\/partners\/\" target=\"_blank\" rel=\"noreferrer noopener nofollow\">http:\/\/www.google.com\/policies\/privacy\/partners\/.<\/a><\/p>\n\n\n\n<h4 class=\"wp-block-heading\" id=\"slcr_custom_heading_68b0d3eaf05da\">CONDICIONES DE USO DE LAS COMUNICACIONES SMS<\/h4>\n\n\n\n<p>La informaci\u00f3n del m\u00f3vil no se compartir\u00e1 con terceros\/afiliados con fines de marketing\/promocionales. Cualquier otra menci\u00f3n en esta pol\u00edtica excluye los datos y el consentimiento del remitente de los mensajes de texto; esta informaci\u00f3n no se compartir\u00e1 con terceros. Si no desea recibir m\u00e1s comunicaciones en el futuro, puede darse de baja enviando un mensaje de texto a STOP.<br><\/p>\n\n\n\n<h4 class=\"wp-block-heading\" id=\"slcr_custom_heading_68b0d3eaf076f\">ENLACES DE TERCEROS<\/h4>\n\n\n\n<p>Nuestro sitio web puede contener enlaces a sitios de terceros que no son de nuestra propiedad ni est\u00e1n gestionados por nosotros. No somos responsables de las pr\u00e1cticas de privacidad ni del contenido de los sitios web gestionados por terceros. Una vez que haya abandonado nuestro sitio web, le sugerimos que compruebe la pol\u00edtica de privacidad aplicable del sitio web de terceros para determinar c\u00f3mo tratar\u00e1n cualquier informaci\u00f3n que recopilen de usted.<\/p>\n\n\n\n<h4 class=\"wp-block-heading\" id=\"slcr_custom_heading_68b0d3eaf0909\">SEGURIDAD Y RETENCI\u00d3N<\/h4>\n\n\n\n<p>Mantenemos salvaguardas f\u00edsicas, electr\u00f3nicas y de procedimiento aceptadas por la industria para proteger la Informaci\u00f3n Personal recopilada cuando usted utiliza nuestro sitio web. Sin embargo, ninguna transmisi\u00f3n de datos por Internet o sistema de almacenamiento de datos est\u00e1 garantizada como 100% segura y, en consecuencia, usted nos transmite informaci\u00f3n por su cuenta y riesgo. Podremos conservar sus Datos Personales durante el tiempo que sea necesario o est\u00e9 permitido en funci\u00f3n de los fines para los que se obtuvieron.<\/p>\n\n\n\n<h4 class=\"wp-block-heading\" id=\"slcr_custom_heading_68b0d3eaf0aa8\">RESPUESTA A LAS SE\u00d1ALES DO NOT TRACK<\/h4>\n\n\n\n<p>Algunos navegadores de Internet incluyen la posibilidad de transmitir se\u00f1ales \"Do Not Track\". Dado que a\u00fan no se han adoptado normas uniformes para las se\u00f1ales \"Do Not Track\", no procesamos ni respondemos a las se\u00f1ales \"Do Not Track\".<\/p>\n\n\n\n<h4 class=\"wp-block-heading\" id=\"slcr_custom_heading_68b0d3eaf0c36\">INTIMIDAD DE LOS NI\u00d1OS<\/h4>\n\n\n\n<p>No recopilamos ni conservamos conscientemente informaci\u00f3n personal identificable de menores de 18 a\u00f1os sin el consentimiento paterno verificable, y ninguna parte de nuestro sitio web est\u00e1 dirigida a menores de 18 a\u00f1os. Si usted es menor de 18 a\u00f1os, por favor no proporcione ninguna informaci\u00f3n de identificaci\u00f3n personal durante su visita a este sitio web.<\/p>\n\n\n\n<h4 class=\"wp-block-heading\" id=\"slcr_custom_heading_68b0d3eaf0db3\">CAMBIOS DE POL\u00cdTICA<\/h4>\n\n\n\n<p>Estamos obligados a cumplir los t\u00e9rminos de nuestro aviso de pr\u00e1cticas de privacidad vigentes en ese momento. En la medida en que lo permita la ley, nos reservamos el derecho a modificar nuestras pr\u00e1cticas de privacidad y a hacer efectivos dichos cambios para toda la informaci\u00f3n sanitaria protegida que conservamos, incluida la informaci\u00f3n creada o recibida antes de la modificaci\u00f3n. Podemos revisar esta Pol\u00edtica de Privacidad de vez en cuando sin previo aviso a medida que a\u00f1adimos nuevas funciones o cuando cambian las leyes que pueden afectar a nuestros servicios. Cualquier enmienda o modificaci\u00f3n de esta Pol\u00edtica de Privacidad se publicar\u00e1 en nuestro sitio web y entrar\u00e1 en vigor inmediatamente despu\u00e9s de su publicaci\u00f3n. La fecha de la \u00faltima modificaci\u00f3n se indicar\u00e1 a continuaci\u00f3n. Tambi\u00e9n publicaremos el aviso revisado en nuestras instalaciones y proporcionaremos copias del mismo en persona en nuestras instalaciones.<\/p>\n\n\n\n<p>Actualizado: 10.8.2024<\/p>\n\n\n\n<p>Si tiene alguna pregunta sobre esta Pol\u00edtica de privacidad, haga clic aqu\u00ed para consultar nuestra&nbsp;<a href=\"https:\/\/mhc-tn.com\/es\/contacto\/\">Contacte con nosotros<\/a>&nbsp;o p\u00f3ngase en contacto con nosotros por correo: Mental Health Cooperative, 275 Cumberland Bend, Nashville, TN 37228.<\/p>\n\n\n\n<h2 class=\"wp-block-heading\" id=\"slcr_custom_heading_68b0d3eaf0f27\">Cuerpo Nacional de Sanidad<\/h2>\n\n\n\n<p id=\"slcr_custom_heading_68b0d3eaf1065\">Los siguientes lugares est\u00e1n designados como lugares aprobados por el Cuerpo Nacional de Servicios de Salud:<\/p>\n\n\n\n<ul class=\"wp-block-list\">\n<li>Antioqu\u00eda<\/li>\n\n\n\n<li>Chattanooga<\/li>\n\n\n\n<li>Clarksville<\/li>\n\n\n\n<li>Cleveland<\/li>\n<\/ul>\n\n\n\n<ul class=\"wp-block-list\">\n<li>Columbia<\/li>\n\n\n\n<li>Cookeville<\/li>\n\n\n\n<li>Dickson<\/li>\n\n\n\n<li>Nashville (Metro Center)<\/li>\n<\/ul>\n\n\n\n<p id=\"slcr_custom_heading_68b0d3eaf1238\">MHC no discrimina en la prestaci\u00f3n de servicios a una persona (i) porque la persona no pueda pagar; (ii) porque el pago de esos servicios se realizar\u00eda con Medicare, Medicaid o el Programa de Seguro M\u00e9dico para Ni\u00f1os (CHIP); o (iii) por motivos de raza, color, sexo, nacionalidad, discapacidad, religi\u00f3n, edad, orientaci\u00f3n sexual o identidad de g\u00e9nero de la persona. El MHC utiliza un baremo de tarifas para garantizar que no se niegue el acceso a los servicios a ninguna persona que no pueda pagarlos.<\/p>","protected":false},"excerpt":{"rendered":"<p>COMPLIANCE\/HIPAA Mental Health Cooperative (MHC), Integrated Health Cooperative (IHC), and NPS Pharmacy maintain high ethical standards and are committed to complying with all applicable statutes, regulations, and guidelines. Corporate Compliance Program Have a compliance concern? E-mail us at&nbsp;compliance@mhc-tn.orgCall us at&nbsp;615-743-1654. HIPAA MHC, IHC, and NPS Pharmacy encourage anyone who has concerns or complaints about the [&hellip;]<\/p>\n","protected":false},"author":1,"featured_media":0,"parent":0,"menu_order":0,"comment_status":"closed","ping_status":"closed","template":"","meta":{"_acf_changed":false,"footnotes":""},"class_list":["post-2150","page","type-page","status-publish","hentry"],"acf":[],"_links":{"self":[{"href":"https:\/\/mhc-tn.com\/es\/wp-json\/wp\/v2\/pages\/2150","targetHints":{"allow":["GET"]}}],"collection":[{"href":"https:\/\/mhc-tn.com\/es\/wp-json\/wp\/v2\/pages"}],"about":[{"href":"https:\/\/mhc-tn.com\/es\/wp-json\/wp\/v2\/types\/page"}],"author":[{"embeddable":true,"href":"https:\/\/mhc-tn.com\/es\/wp-json\/wp\/v2\/users\/1"}],"replies":[{"embeddable":true,"href":"https:\/\/mhc-tn.com\/es\/wp-json\/wp\/v2\/comments?post=2150"}],"version-history":[{"count":3,"href":"https:\/\/mhc-tn.com\/es\/wp-json\/wp\/v2\/pages\/2150\/revisions"}],"predecessor-version":[{"id":2471,"href":"https:\/\/mhc-tn.com\/es\/wp-json\/wp\/v2\/pages\/2150\/revisions\/2471"}],"wp:attachment":[{"href":"https:\/\/mhc-tn.com\/es\/wp-json\/wp\/v2\/media?parent=2150"}],"curies":[{"name":"wp","href":"https:\/\/api.w.org\/{rel}","templated":true}]}}